{"id":39,"date":"2018-08-21T18:22:46","date_gmt":"2018-08-21T18:22:46","guid":{"rendered":"http:\/\/therapie-wolff.de\/?page_id=39"},"modified":"2024-10-18T08:27:39","modified_gmt":"2024-10-18T08:27:39","slug":"therapie","status":"publish","type":"page","link":"http:\/\/therapie-wolff.de\/?page_id=39","title":{"rendered":"Therapie"},"content":{"rendered":"<h3><strong>Ich kann helfen bei&#8230;<\/strong><\/h3>\n<ul>\n<li>\u00c4ngsten, Sch\u00fcchternheit &#8211; soziale \u00c4ngste, Unsicherheit<\/li>\n<li>Panikst\u00f6rung, Panikattacken<\/li>\n<li>Depressionen<\/li>\n<li>anhaltenden und belastenden Lebensumst\u00e4nden, die Stress erzeugen<\/li>\n<li>Aggressionen, Wut, Konflikten, Streit, Verweigerung, Trotzverhalten<\/li>\n<li>Schwiergkeiten in Verbindung mit der Schule\u00a0 (z.B. Mobbing, Noten, Lernen, Hausaufgaben) &#8211; kein Lerntraining<\/li>\n<li>Diagnostik speziell f\u00fcr das Thema Schule\/Entwicklungsst\u00f6rungen schulischer Fertigkeiten (z.B. Lese-Rechtschreibst\u00f6rung (LRS), Rechenst\u00f6rung (Dyskalkulie, Nachteilsausgleich) w\u00e4hrend einer Psychotherapie bei mir in der Praxis<\/li>\n<li>Konzentrationsst\u00f6rungen &#8211; Begleitsymptomatik wie Selbstwert, \u00c4ngste &#8211; kein Konzentrationstraining<\/li>\n<li>Ein- und Durchschlafproblemen<\/li>\n<li>k\u00f6rperlichen Beschwerden ohne organischen Befund zum Beispiel bei unklaren Kopf- oder Bauchschmerzen, Schwindel- und Kreislaufproblemen und\/oder vielen Fehltagen in der Schule<\/li>\n<li>chronischen k\u00f6rperlichen Erkrankungen wie Asthma, Diabetes, Neurodermitis, bei denen seelische Faktoren mitbeteiligt sind<\/li>\n<li>Problemen bei der Sauberkeitserziehung (Einn\u00e4ssen, Einkoten)<\/li>\n<li>Kommunikationsst\u00f6rungen<\/li>\n<li>nach traumatischen Erlebnissen &#8211; Verdacht auf PTBS<\/li>\n<\/ul>\n<p><strong>Meine Schwerpunkte&#8230;<\/strong><\/p>\n<ul>\n<li><span data-rich-text-format-boundary=\"true\">Einzel- und Gruppentherapie f\u00fcr Kinder und Jugendliche zwischen dem 5. und 21. Lebensjahr (die Kosten werden von den gesetzlichen bzw. privaten Krankenkassen \u00fcbernommen; au\u00dfer es gelten andere Vereinbarungen)<\/span><\/li>\n<li>Beratung zu Kieferbeschwerden in Verindung mit Tinitus\/Ohrger\u00e4uschen, speziell &#8222;CMD&#8220; (Craniomanibul\u00e4re Dysfunktion) f\u00fcr Selbstzahler<\/li>\n<\/ul>\n<h3><strong>Ablauf der Therapie<\/strong><\/h3>\n<p align=\"JUSTIFY\">So kann es funktionieren&#8230;<\/p>\n<ul>\n<li>\n<p align=\"JUSTIFY\">Zun\u00e4chst wird ein unverbindliches Erstgespr\u00e4ch vereinbart (einfach eine E-mail schicken oder anrufen und in jedem Fall eine Telefonnumer angeben mit der ich Sie\/Dich gut erreichen kann, ich rufe dann umgehend zur\u00fcck). Zu diesem Erstgespr\u00e4ch bitte unbedingt die Versichertenkarten des Kindes\/Jugendlichen mitbringen, vielleicht das letzte Zeugnis und wichtige Berichte. M\u00f6chte ein Jugendlicher alleine kommen, ist das nat\u00fcrlich auch m\u00f6glich. Bei diesem Termin entscheidet sich, ob eine weitere therapeutische Unterst\u00fctzung sinnvoll ist oder ob es eine andere Unterst\u00fctzung braucht, um die Probleme bew\u00e4ltigen zu k\u00f6nnen.<\/p>\n<\/li>\n<li>\n<p align=\"JUSTIFY\">Sollten weitere Termine sinnvoll sein, m\u00f6chte ichanschlie\u00dfend durch eine umfassende multimodale Diagnostik erfahren, worin genau die Probleme bestehen und welche F\u00e4higkeiten schon vorhanden sind, um die Probleme zu l\u00f6sen. Dies umfasst mehrere Gespr\u00e4che mit dem Kind\/Jugendlichen und seinen wichtigsten Bezugspersonen sowie seinem Umfeld. Jugendliche d\u00fcrfen meist selbst entscheiden, wer von der Therapie erfahren darf.<\/p>\n<\/li>\n<li>\n<p align=\"JUSTIFY\">Am Ende der diagnostischen Termine \u00fcberlegen alle zusammen, welche Ziele es geben k\u00f6nnte und welche Hilfen am besten geeignet sind, um diese Ziele zu erreichen.<\/p>\n<\/li>\n<li>\n<p align=\"JUSTIFY\">Wenn sich alle f\u00fcr eine Therapie bei mir entscheiden, werden Therapiestunden bei der Krankenkasse beantragt. Es entstehen bei gesetzlich Versicherten keine kosten, bei Privatversicherten richten sich die kosten je nach gew\u00e4hltem Tarif. Wenn die Therapie durch die Krankenkasse genehmigt ist, kann es losgehen (meist f\u00fcr 24 Stunden oder f\u00fcr bis zu 80 Stunden und jeweils zus\u00e4tzlichen Stunden f\u00fcr die Bezugspersonen). Jede Sitzung dauert etwa 50 Minuten (manchmal auch l\u00e4nger) und diese kann auch unter bestimmten Bedingungen au\u00dferhalb der Praxisr\u00e4ume verbracht werden. Die Termine finden meist einmal pro Woche statt. Diese Regelm\u00e4\u00dfigkeit ist sinnvoll, da sich nur so etwas ver\u00e4ndern kann. Ausnahmen wie bei Urlauben sind nat\u00fcrlich m\u00f6glich und wichtig.<\/p>\n<\/li>\n<li>\n<p align=\"JUSTIFY\">Bei einer Therapie unterst\u00fctze ich das Kind\/den Jugendlichen und seine Familie dabei, zum Ziel zu gelangen. Dabei richte ich mich nach dem jeweiligen Entwicklungsstand des Kindes\/des Jugendlichen. Gerade Kinder k\u00f6nnen und wollen nicht lange reden, sie erkl\u00e4ren ihre Welt im Spiel und zeigen so, wie es ihnen geht und was sie brauchen. Daher habe ich ein Spielzimmer in meiner Praxis, um sie mit vielf\u00e4ltigen Materialien dabei zu unterst\u00fctzen.<\/p>\n<\/li>\n<li>\n<p align=\"JUSTIFY\">Ich erkl\u00e4re die Ursachen und Hintergr\u00fcnde, wir suchen gemeinsam nach L\u00f6sungen, probieren diese aus und erproben sie im Alltag. Wie bei einer Bergbesteigung kann dies auch sehr anstrengend und schmerzvoll sein, daher gibt es auch ausreichend Pausen und sch\u00f6ne Momente.<\/p>\n<\/li>\n<li>\n<p align=\"JUSTIFY\">Die Therapie schlie\u00dft auch fortlaufende Gespr\u00e4che mit den wichtigsten Bezugspersonen ein. Hierbei werden nicht nur L\u00f6sungen im Umgang mit dem Kind\/Jugendlichen erarbeitet, sondern auch Eltern im Umgang mit eigenen Problemen\u00a0 und Schwierigkeiten unterst\u00fctzt.<\/p>\n<\/li>\n<\/ul>\n\n\n<div class=\"wp-block-group\"><div class=\"wp-block-group__inner-container is-layout-flow wp-block-group-is-layout-flow\"><\/div><\/div>\n\n\n\n<figure class=\"wp-block-gallery aligncenter has-nested-images columns-default is-cropped wp-block-gallery-1 is-layout-flex wp-block-gallery-is-layout-flex\">\n<figure class=\"wp-block-image size-large\"><img loading=\"lazy\" decoding=\"async\" width=\"1024\" height=\"768\" data-id=\"78\" src=\"http:\/\/therapie-wolff.de\/wp-content\/uploads\/2021\/06\/IMG_20210608_145451praxis-5-1024x768.jpg\" alt=\"\" class=\"wp-image-78\" srcset=\"http:\/\/therapie-wolff.de\/wp-content\/uploads\/2021\/06\/IMG_20210608_145451praxis-5-1024x768.jpg 1024w, http:\/\/therapie-wolff.de\/wp-content\/uploads\/2021\/06\/IMG_20210608_145451praxis-5-300x225.jpg 300w, http:\/\/therapie-wolff.de\/wp-content\/uploads\/2021\/06\/IMG_20210608_145451praxis-5-768x576.jpg 768w, http:\/\/therapie-wolff.de\/wp-content\/uploads\/2021\/06\/IMG_20210608_145451praxis-5-1536x1152.jpg 1536w, http:\/\/therapie-wolff.de\/wp-content\/uploads\/2021\/06\/IMG_20210608_145451praxis-5-2048x1536.jpg 2048w\" sizes=\"auto, (max-width: 706px) 89vw, (max-width: 767px) 82vw, 740px\" \/><\/figure>\n\n\n\n<figure class=\"wp-block-image size-large\"><img loading=\"lazy\" decoding=\"async\" width=\"1024\" height=\"768\" data-id=\"79\" src=\"http:\/\/therapie-wolff.de\/wp-content\/uploads\/2021\/06\/IMG_20210608_145648-1-1024x768.jpg\" alt=\"\" class=\"wp-image-79\" srcset=\"http:\/\/therapie-wolff.de\/wp-content\/uploads\/2021\/06\/IMG_20210608_145648-1-1024x768.jpg 1024w, http:\/\/therapie-wolff.de\/wp-content\/uploads\/2021\/06\/IMG_20210608_145648-1-300x225.jpg 300w, http:\/\/therapie-wolff.de\/wp-content\/uploads\/2021\/06\/IMG_20210608_145648-1-768x576.jpg 768w, http:\/\/therapie-wolff.de\/wp-content\/uploads\/2021\/06\/IMG_20210608_145648-1-1536x1152.jpg 1536w, http:\/\/therapie-wolff.de\/wp-content\/uploads\/2021\/06\/IMG_20210608_145648-1-2048x1536.jpg 2048w\" sizes=\"auto, (max-width: 706px) 89vw, (max-width: 767px) 82vw, 740px\" \/><\/figure>\n\n\n\n<figure class=\"wp-block-image size-large\"><img loading=\"lazy\" decoding=\"async\" width=\"1024\" height=\"602\" data-id=\"74\" src=\"http:\/\/therapie-wolff.de\/wp-content\/uploads\/2021\/06\/IMG_20210608_155207-1024x602.jpg\" alt=\"\" class=\"wp-image-74\" srcset=\"http:\/\/therapie-wolff.de\/wp-content\/uploads\/2021\/06\/IMG_20210608_155207-1024x602.jpg 1024w, http:\/\/therapie-wolff.de\/wp-content\/uploads\/2021\/06\/IMG_20210608_155207-300x176.jpg 300w, http:\/\/therapie-wolff.de\/wp-content\/uploads\/2021\/06\/IMG_20210608_155207-768x452.jpg 768w, http:\/\/therapie-wolff.de\/wp-content\/uploads\/2021\/06\/IMG_20210608_155207-1536x904.jpg 1536w, http:\/\/therapie-wolff.de\/wp-content\/uploads\/2021\/06\/IMG_20210608_155207-2048x1205.jpg 2048w\" sizes=\"auto, (max-width: 706px) 89vw, (max-width: 767px) 82vw, 740px\" \/><\/figure>\n\n\n\n<figure class=\"wp-block-image size-large\"><img loading=\"lazy\" decoding=\"async\" width=\"768\" height=\"1024\" data-id=\"72\" src=\"http:\/\/therapie-wolff.de\/wp-content\/uploads\/2021\/06\/IMG_20210608_145759-768x1024.jpg\" alt=\"\" class=\"wp-image-72\" srcset=\"http:\/\/therapie-wolff.de\/wp-content\/uploads\/2021\/06\/IMG_20210608_145759-768x1024.jpg 768w, http:\/\/therapie-wolff.de\/wp-content\/uploads\/2021\/06\/IMG_20210608_145759-225x300.jpg 225w, http:\/\/therapie-wolff.de\/wp-content\/uploads\/2021\/06\/IMG_20210608_145759-1152x1536.jpg 1152w, http:\/\/therapie-wolff.de\/wp-content\/uploads\/2021\/06\/IMG_20210608_145759-1536x2048.jpg 1536w, http:\/\/therapie-wolff.de\/wp-content\/uploads\/2021\/06\/IMG_20210608_145759-scaled.jpg 1920w\" sizes=\"auto, (max-width: 706px) 89vw, (max-width: 767px) 82vw, 740px\" \/><\/figure>\n\n\n\n<figure class=\"wp-block-image size-large\"><img loading=\"lazy\" decoding=\"async\" width=\"1024\" height=\"768\" data-id=\"80\" src=\"http:\/\/therapie-wolff.de\/wp-content\/uploads\/2021\/06\/IMG_20210608_145937-1-1024x768.jpg\" alt=\"\" class=\"wp-image-80\" srcset=\"http:\/\/therapie-wolff.de\/wp-content\/uploads\/2021\/06\/IMG_20210608_145937-1-1024x768.jpg 1024w, http:\/\/therapie-wolff.de\/wp-content\/uploads\/2021\/06\/IMG_20210608_145937-1-300x225.jpg 300w, http:\/\/therapie-wolff.de\/wp-content\/uploads\/2021\/06\/IMG_20210608_145937-1-768x576.jpg 768w, http:\/\/therapie-wolff.de\/wp-content\/uploads\/2021\/06\/IMG_20210608_145937-1-1536x1152.jpg 1536w, http:\/\/therapie-wolff.de\/wp-content\/uploads\/2021\/06\/IMG_20210608_145937-1-2048x1536.jpg 2048w\" sizes=\"auto, (max-width: 706px) 89vw, (max-width: 767px) 82vw, 740px\" \/><\/figure>\n\n\n\n<figure class=\"wp-block-image size-large\"><img loading=\"lazy\" decoding=\"async\" width=\"1024\" height=\"768\" data-id=\"75\" src=\"http:\/\/therapie-wolff.de\/wp-content\/uploads\/2021\/06\/IMG_20210608_155344praxis-1024x768.jpg\" alt=\"\" class=\"wp-image-75\" srcset=\"http:\/\/therapie-wolff.de\/wp-content\/uploads\/2021\/06\/IMG_20210608_155344praxis-1024x768.jpg 1024w, http:\/\/therapie-wolff.de\/wp-content\/uploads\/2021\/06\/IMG_20210608_155344praxis-300x225.jpg 300w, http:\/\/therapie-wolff.de\/wp-content\/uploads\/2021\/06\/IMG_20210608_155344praxis-768x576.jpg 768w, http:\/\/therapie-wolff.de\/wp-content\/uploads\/2021\/06\/IMG_20210608_155344praxis-1536x1152.jpg 1536w, http:\/\/therapie-wolff.de\/wp-content\/uploads\/2021\/06\/IMG_20210608_155344praxis-2048x1536.jpg 2048w\" sizes=\"auto, (max-width: 706px) 89vw, (max-width: 767px) 82vw, 740px\" \/><\/figure>\n<\/figure>\n\n\n\n<p><\/p>\n","protected":false},"excerpt":{"rendered":"<p>Ich kann helfen bei&#8230; \u00c4ngsten, Sch\u00fcchternheit &#8211; soziale \u00c4ngste, Unsicherheit Panikst\u00f6rung, Panikattacken Depressionen anhaltenden und belastenden Lebensumst\u00e4nden, die Stress erzeugen Aggressionen, Wut, Konflikten, Streit, Verweigerung, Trotzverhalten Schwiergkeiten in Verbindung mit der Schule\u00a0 (z.B. Mobbing, Noten, Lernen, Hausaufgaben) &#8211; kein Lerntraining Diagnostik speziell f\u00fcr das Thema Schule\/Entwicklungsst\u00f6rungen schulischer Fertigkeiten (z.B. Lese-Rechtschreibst\u00f6rung (LRS), Rechenst\u00f6rung (Dyskalkulie, Nachteilsausgleich) w\u00e4hrend &hellip; <\/p>\n<p class=\"link-more\"><a href=\"http:\/\/therapie-wolff.de\/?page_id=39\" class=\"more-link\"><span class=\"screen-reader-text\">\u201eTherapie\u201c <\/span>weiterlesen<\/a><\/p>\n","protected":false},"author":1,"featured_media":0,"parent":0,"menu_order":0,"comment_status":"closed","ping_status":"closed","template":"","meta":{"footnotes":""},"class_list":["post-39","page","type-page","status-publish","hentry"],"_links":{"self":[{"href":"http:\/\/therapie-wolff.de\/index.php?rest_route=\/wp\/v2\/pages\/39","targetHints":{"allow":["GET"]}}],"collection":[{"href":"http:\/\/therapie-wolff.de\/index.php?rest_route=\/wp\/v2\/pages"}],"about":[{"href":"http:\/\/therapie-wolff.de\/index.php?rest_route=\/wp\/v2\/types\/page"}],"author":[{"embeddable":true,"href":"http:\/\/therapie-wolff.de\/index.php?rest_route=\/wp\/v2\/users\/1"}],"replies":[{"embeddable":true,"href":"http:\/\/therapie-wolff.de\/index.php?rest_route=%2Fwp%2Fv2%2Fcomments&post=39"}],"version-history":[{"count":10,"href":"http:\/\/therapie-wolff.de\/index.php?rest_route=\/wp\/v2\/pages\/39\/revisions"}],"predecessor-version":[{"id":126,"href":"http:\/\/therapie-wolff.de\/index.php?rest_route=\/wp\/v2\/pages\/39\/revisions\/126"}],"wp:attachment":[{"href":"http:\/\/therapie-wolff.de\/index.php?rest_route=%2Fwp%2Fv2%2Fmedia&parent=39"}],"curies":[{"name":"wp","href":"https:\/\/api.w.org\/{rel}","templated":true}]}}