{"id":25,"date":"2018-08-18T13:54:14","date_gmt":"2018-08-18T13:54:14","guid":{"rendered":"http:\/\/therapie-wolff.de\/?page_id=25"},"modified":"2024-05-03T08:26:16","modified_gmt":"2024-05-03T08:26:16","slug":"ueber-mich","status":"publish","type":"page","link":"http:\/\/therapie-wolff.de\/?page_id=25","title":{"rendered":"\u00dcber Mich"},"content":{"rendered":"\n<ul class=\"wp-block-list\">\n<li> <span style=\"font-family: inherit;\"><span style=\"font-size: medium;\">Nach meinem Studium habe ich einige Jahre in W\u00fcrzburg an der F\u00f6rderschule mit Schwerpunkt &#8222;Autismus und H\u00f6ren&#8220; gearbeitet (Begleitung von Sch\u00fclern und Familien, Unterricht im Fach Ethik)<\/span><\/span><\/li>\n\n\n\n<li><span style=\"font-family: inherit;\"><span style=\"font-size: medium;\">Meine n\u00e4chste Station war die Tagesklinik der Kinder- und Jugendpsychiatrie Bayreuth, Au\u00dfenstelle Hof.<\/span><\/span><\/li>\n\n\n\n<li> <span style=\"font-family: inherit;\"><span style=\"font-size: medium;\">F\u00fcnf Jahre war ich als Psychotherapeutin bei dem Kinder- und Jugendpsychiater Dr. med. psych. Weiler t\u00e4tig.<\/span><\/span> <\/li>\n\n\n\n<li>seit 2015 bin ich mit meinem Kassensitz in Pegnitz niedergelassen<\/li>\n<\/ul>\n\n\n\n<p><\/p>\n","protected":false},"excerpt":{"rendered":"","protected":false},"author":1,"featured_media":0,"parent":0,"menu_order":0,"comment_status":"closed","ping_status":"closed","template":"","meta":{"footnotes":""},"class_list":["post-25","page","type-page","status-publish","hentry"],"_links":{"self":[{"href":"http:\/\/therapie-wolff.de\/index.php?rest_route=\/wp\/v2\/pages\/25","targetHints":{"allow":["GET"]}}],"collection":[{"href":"http:\/\/therapie-wolff.de\/index.php?rest_route=\/wp\/v2\/pages"}],"about":[{"href":"http:\/\/therapie-wolff.de\/index.php?rest_route=\/wp\/v2\/types\/page"}],"author":[{"embeddable":true,"href":"http:\/\/therapie-wolff.de\/index.php?rest_route=\/wp\/v2\/users\/1"}],"replies":[{"embeddable":true,"href":"http:\/\/therapie-wolff.de\/index.php?rest_route=%2Fwp%2Fv2%2Fcomments&post=25"}],"version-history":[{"count":9,"href":"http:\/\/therapie-wolff.de\/index.php?rest_route=\/wp\/v2\/pages\/25\/revisions"}],"predecessor-version":[{"id":124,"href":"http:\/\/therapie-wolff.de\/index.php?rest_route=\/wp\/v2\/pages\/25\/revisions\/124"}],"wp:attachment":[{"href":"http:\/\/therapie-wolff.de\/index.php?rest_route=%2Fwp%2Fv2%2Fmedia&parent=25"}],"curies":[{"name":"wp","href":"https:\/\/api.w.org\/{rel}","templated":true}]}}