{"id":12,"date":"2018-08-18T13:40:37","date_gmt":"2018-08-18T13:40:37","guid":{"rendered":"http:\/\/therapie-wolff.de\/?page_id=12"},"modified":"2022-05-16T11:09:24","modified_gmt":"2022-05-16T11:09:24","slug":"impressum","status":"publish","type":"page","link":"http:\/\/therapie-wolff.de\/?page_id=12","title":{"rendered":"Impressum"},"content":{"rendered":"\n<p><strong>Psychotherapeutische Praxis Marion Wolff<\/strong><\/p>\n\n\n\n<p>Telefon: 0176-72729526 <\/p>\n\n\n\n<p>Adresse: Hauptstra\u00dfe 24, 91257 Pegnitz<\/p>\n\n\n\n<p>E-mail: info@therapie-wolff.de<\/p>\n\n\n\n<p>Gesetzliche Berufsbezeichnung:&nbsp;Kinder- und Jugendlichenpsychotherapeutin (verliehen in der Bundesrepublik Deutschland)&nbsp;Aufsichtsbeh\u00f6rden:&nbsp;Bayerische Landeskammer der Psychologischen Psychotherapeuten und der Kinder- und Jugendlichenpsychotherapeuten, St.-Paul-Str. 9 in 80336 M\u00fcnchen (www.ptk-bayern.de) und Kassen\u00e4rztliche Vereinigung Bayern, Eisenheimerstr. 39 in 80687 M\u00fcnchen (www.kvb.de) Ma\u00dfgebliche berufsrechtliche Regelungen: Gesetz \u00fcber die Berufe des Psychologischen Psychotherapeuten und des Kinder- und Jugendlichenpsychotherapeuten (Psychotherapeutengesetz \u2013 PsychThG) v. 16.06.1998 (BGBI.I S. 1311), zuletzt ge\u00e4ndert am 02.12.2007 (Bundesgesetzblatt I, S. 2686)<\/p>\n\n\n\n<p>Bildmaterial \u00a9 Fotolia.com<\/p>\n\n\n\n<p>Disclaimer:<\/p>\n\n\n\n<p>Haftungsbeschr\u00e4nkung f\u00fcr eigene Inhalte: Alle Inhalte dieses Internetauftritts wurden sorgf\u00e4ltig und nach bestem Gewissen erstellt. Eine Gew\u00e4hr f\u00fcr die Aktualit\u00e4t, Vollst\u00e4ndigkeit und Richtigkeit s\u00e4mtlicher Seiten kann jedoch nicht \u00fcbernommen werden. Gem\u00e4\u00df \u00a7 7 Abs. 1 TMG ist der Betreiber einer Internetseite nach allgemeiner Gesetzgebung gehalten, nach den \u00a7\u00a7 8 bis 10 TMG jedoch nicht verpflichtet, die \u00fcbermittelten oder gespeicherten fremden Informationen zu \u00fcberwachen. Eine umgehende Entfernung dieser Inhalte erfolgt ab dem Zeitpunkt der Kenntnis einer konkreten Rechtsverletzung. Keine Haftung vor dem Zeitpunkt der Kenntniserlangung.<br>Haftungsbeschr\u00e4nkung f\u00fcr externe Verlinkungen: Diese Internetseite enth\u00e4lt Links (Verkn\u00fcpfungen zu Internetseiten Dritter), auf deren Inhalt kein Einfluss besteht und folglich keine Haftung \u00fcbernommen wird. F\u00fcr die Inhalte und Richtigkeit der Informationen ist der jeweilige Anbieter verantwortlich.<br>Urheberrecht: Die auf dieser Webseite ver\u00f6ffentlichten Inhalte und Werke unterliegen dem deutschen Urheberrecht. Jede Art der Vervielf\u00e4ltigung, Bearbeitung, Verbreitung und jede Art der Verwertung au\u00dferhalb der Grenzen des Urheberrechts bedarf meiner vorherigen schriftlichen Zustimmung.<\/p>\n\n\n\n<p>Datenschutz:<\/p>\n\n\n\n<p>Es gelten die von 25.05.2018 g\u00fcltigen Datenschutz-Richtlinien. Die Praxisinhaberin speichert keinerlei pers\u00f6nliche Daten der Websitebesucher. Durch den Besuch dieses Internetauftritts k\u00f6nnen jedoch anonymisierte Besucherstatistik-Informationen \u00fcber den Zugriff (Datum, Uhrzeit, aufgerufene Seite) auf dem Server des Internetproviders Strato gespeichert werden. Dies stellt keine Auswertung personenbezogener Daten (z.B. Name, Anschrift oder E-Mail) dar. Personenbezogene Daten werden nur mit dem vorherigen Einverst\u00e4ndnis des Nutzers der Internetseite gespeichert. Eine Weiterleitung der Daten an Dritte (auch an Praxismitarbeiter) findet ohne ausdr\u00fcckliche Zustimmung des Nutzers nicht statt, auch nicht dann, wenn Sie eine Email oder WhatsApp zur Kontaktaufnahme senden oder die Praxis telefonisch kontaktieren. In dem Fall der Kontaktaufnahme durch Sie werden die von Ihnen gemachten Angaben ausschlie\u00dflich zur Terminvereinbarung gespeichert. Es wird ausdr\u00fccklich darauf hingewiesen, dass die \u00dcbertragung von Daten \u00fcber Internet (z.B. E-Mail oder WhatsApp) Sicherheitsl\u00fccken aufweisen kann. Ein l\u00fcckenloser Schutz der Daten vor dem Zugriff Dritter kann nicht gew\u00e4hrleistet werden. Es kann keine Haftung f\u00fcr die, durch Sicherheitsl\u00fccken entstandenen Sch\u00e4den \u00fcbernommen werden. Der Verwendung ver\u00f6ffentlichter Kontaktdaten durch Dritte zum Zwecke von Werbung wird ausdr\u00fccklich widersprochen. Ich behalte mir rechtliche Schritte f\u00fcr den Fall der unverlangten Zusendung von Werbeinformationen, z.B. durch Spam-Mails, vor.<\/p>\n\n\n\n<p>PATIENTENINFORMATION ZUM DATENSCHUTZ<br>Sehr geehrte Patientin, sehr geehrter Patient, der Schutz Ihrer personenbezogenen Daten ist uns wichtig. Nach der EU-Datenschutz-Grundverordnung (DSGVO) sind wir verpflichtet, Sie dar\u00fcber zu informieren, zu welchem Zweck unsere Praxis Daten erhebt, speichert oder weiterleitet. Der Information k\u00f6nnen Sie auch entnehmen, welche Rechte Sie in puncto Datenschutz haben. <\/p>\n\n\n\n<p>1. VERANTWORTLICHKEIT F\u00dcR DIE DATENVERARBEITUNG<br>Verantwortlich f\u00fcr die Datenverarbeitung ist: Marion Wolff, Praxis f\u00fcr Psychotherapie f\u00fcr Kinder und Jugendl. Hauptstr. 24, 91257 Pegnitz<br>Kontaktdaten: Telefon: 0174\/3803291, Email: info@therapie-pegnitz.de<br>2. ZWECK DER DATENVERARBEITUNG<br>Die Datenverarbeitung erfolgt aufgrund gesetzlicher Vorgaben, um den Behandlungsvertrag zwischen Ihnen und unserer Praxis und die damit verbundenen Pflichten zu erf\u00fcllen. Hierzu verarbeiten wir Ihre personenbezogenen Daten, insbesondere Ihre Gesundheitsdaten. Dazu z\u00e4hlen Anamnesen, Diagnosen, Therapievorschl\u00e4ge und Befunde, die wir oder andere \u00c4rzte erheben. Zu diesen Zwecken k\u00f6nnen uns auch andere \u00c4rzte oder Psychotherapeuten, bei denen Sie in Behandlung sind, Daten zur Verf\u00fcgung stellen (z.B. in Arztbriefen). Die Erhebung von Gesundheitsdaten ist Voraussetzung f\u00fcr Ihre Behandlung. Werden die notwendigen Informa-tionen nicht bereitgestellt, kann eine sorgf\u00e4ltige Behandlung nicht erfolgen.<br>3. EMPF\u00c4NGER IHRER DATEN<br>Wir \u00fcbermitteln Ihre personenbezogenen Daten nur dann an Dritte, wenn dies gesetzlich erlaubt ist oder Sie eingewilligt haben. Empf\u00e4nger Ihrer personenbezogenen Daten k\u00f6nnen andere \u00c4rzte \/ Psychotherapeuten, Kassen\u00e4rztliche Vereinigungen, Krankenkassen oder \u00c4rztekammern sein. Die \u00dcbermittlung erfolgt \u00fcberwiegend zum Zwecke der Abrechnung der bei Ihnen erbrachten Leistungen, zur Kl\u00e4rung von medizinischen und sich aus Ihrem Versicherungsverh\u00e4ltnis ergebenden Fragen. Im Einzelfall erfolgt die \u00dcbermittlung von Daten an weitere berechtigte Empf\u00e4nger.<br>4. SPEICHERUNG IHRER DATEN<br>Wir bewahren Ihre personenbezogenen Daten nur solange auf, wie dies f\u00fcr die Durchf\u00fchrung der Behandlung erforderlich ist. Aufgrund rechtlicher Vorgaben sind wir dazu verpflichtet, diese Daten mindestens 10 Jahre nach Abschluss der Behandlung aufzubewahren. Nach Ablauf dieser Frist erfolgt in regelm\u00e4\u00dfigen Abst\u00e4nden die vorschriftsgem\u00e4\u00dfe Vernichtung aller Daten, so dass auf diese kein Zugriff mehr m\u00f6glich ist.<br>5. IHRE RECHTE<br>Sie haben das Recht, \u00fcber die Sie betreffenden personenbezogenen Daten Auskunft zu erhalten. Auch k\u00f6nnen Sie die Berichtigung unrichtiger Daten verlangen. Dar\u00fcber hinaus steht Ihnen unter bestimmten Voraussetzungen das Recht auf L\u00f6schung von Daten, das Recht auf Einschr\u00e4nkung der Datenverarbeitung sowie das Recht auf Daten\u00fcbertragbarkeit zu. Die Verarbeitung Ihrer Daten erfolgt auf Basis von gesetzlichen Regelungen. Nur in Ausnahmef\u00e4llen ben\u00f6tigen wir Ihr Einverst\u00e4ndnis. In diesen F\u00e4llen haben Sie das Recht, die Einwilligung f\u00fcr die zuk\u00fcnftige Verarbeitung zu widerrufen. Sie haben ferner das Recht, sich bei der zust\u00e4ndigen Aufsichtsbeh\u00f6rde f\u00fcr den Datenschutz zu beschweren, wenn Sie der Ansicht sind, dass die Verarbeitung Ihrer personenbezogenen Daten nicht rechtm\u00e4\u00dfig erfolgt.<br>Die Anschrift der f\u00fcr uns zust\u00e4ndigen Aufsichtsbeh\u00f6rde lautet:<br>Name: Kassen\u00e4rztliche Vereinigung Bayerns KVB Anschrift: Elsenheimerstr. 39, 80639 M\u00fcnchen. Telefon: 089-570930<br>6. RECHTLICHE GRUNDLAGEN<br>Rechtsgrundlage f\u00fcr die Verarbeitung Ihrer Daten ist Artikel 9 Absatz 2 lit. h) DSGVO in Verbindung mit Paragraf 22 Absatz 1 Nr. 1 lit. b) Bundesdatenschutzgesetz. Sollten Sie Fragen haben, k\u00f6nnen Sie sich gern an uns wenden<\/p>\n","protected":false},"excerpt":{"rendered":"<p>Psychotherapeutische Praxis Marion Wolff Telefon: 0176-72729526 Adresse: Hauptstra\u00dfe 24, 91257 Pegnitz E-mail: info@therapie-wolff.de Gesetzliche Berufsbezeichnung:&nbsp;Kinder- und Jugendlichenpsychotherapeutin (verliehen in der Bundesrepublik Deutschland)&nbsp;Aufsichtsbeh\u00f6rden:&nbsp;Bayerische Landeskammer der Psychologischen Psychotherapeuten und der Kinder- und Jugendlichenpsychotherapeuten, St.-Paul-Str. 9 in 80336 M\u00fcnchen (www.ptk-bayern.de) und Kassen\u00e4rztliche Vereinigung Bayern, Eisenheimerstr. 39 in 80687 M\u00fcnchen (www.kvb.de) Ma\u00dfgebliche berufsrechtliche Regelungen: Gesetz \u00fcber die Berufe des &hellip; <\/p>\n<p class=\"link-more\"><a href=\"http:\/\/therapie-wolff.de\/?page_id=12\" class=\"more-link\"><span class=\"screen-reader-text\">\u201eImpressum\u201c <\/span>weiterlesen<\/a><\/p>\n","protected":false},"author":1,"featured_media":0,"parent":0,"menu_order":0,"comment_status":"closed","ping_status":"closed","template":"","meta":{"footnotes":""},"class_list":["post-12","page","type-page","status-publish","hentry"],"_links":{"self":[{"href":"http:\/\/therapie-wolff.de\/index.php?rest_route=\/wp\/v2\/pages\/12","targetHints":{"allow":["GET"]}}],"collection":[{"href":"http:\/\/therapie-wolff.de\/index.php?rest_route=\/wp\/v2\/pages"}],"about":[{"href":"http:\/\/therapie-wolff.de\/index.php?rest_route=\/wp\/v2\/types\/page"}],"author":[{"embeddable":true,"href":"http:\/\/therapie-wolff.de\/index.php?rest_route=\/wp\/v2\/users\/1"}],"replies":[{"embeddable":true,"href":"http:\/\/therapie-wolff.de\/index.php?rest_route=%2Fwp%2Fv2%2Fcomments&post=12"}],"version-history":[{"count":7,"href":"http:\/\/therapie-wolff.de\/index.php?rest_route=\/wp\/v2\/pages\/12\/revisions"}],"predecessor-version":[{"id":120,"href":"http:\/\/therapie-wolff.de\/index.php?rest_route=\/wp\/v2\/pages\/12\/revisions\/120"}],"wp:attachment":[{"href":"http:\/\/therapie-wolff.de\/index.php?rest_route=%2Fwp%2Fv2%2Fmedia&parent=12"}],"curies":[{"name":"wp","href":"https:\/\/api.w.org\/{rel}","templated":true}]}}