{"id":11,"date":"2018-08-18T13:40:37","date_gmt":"2018-08-18T13:40:37","guid":{"rendered":"http:\/\/therapie-wolff.de\/?page_id=11"},"modified":"2022-05-16T11:09:48","modified_gmt":"2022-05-16T11:09:48","slug":"kontakt","status":"publish","type":"page","link":"http:\/\/therapie-wolff.de\/?page_id=11","title":{"rendered":"Kontakt"},"content":{"rendered":"<p>Ich stehe gerne f\u00fcr ein unverbindliches Erstgespr\u00e4ch zur Verf\u00fcgung.<\/p>\n<p>Termine werden stets nach Absprache vereinbart.<\/p>\n<p>Telefon: 0176-72729526<\/p>\n<p>E-mail: info@therapie-wolff.de<\/p>\n<p>Praxisadresse: Hauptstra\u00dfe 24, 91257 Pegnitz<img loading=\"lazy\" decoding=\"async\" class=\"wp-image-50 alignleft\" src=\"http:\/\/therapie-wolff.de\/wp-content\/uploads\/2020\/11\/Logo-Gesundheitszentrum-300x43.jpg\" alt=\"\" width=\"328\" height=\"47\" srcset=\"http:\/\/therapie-wolff.de\/wp-content\/uploads\/2020\/11\/Logo-Gesundheitszentrum-300x43.jpg 300w, http:\/\/therapie-wolff.de\/wp-content\/uploads\/2020\/11\/Logo-Gesundheitszentrum-1024x147.jpg 1024w, http:\/\/therapie-wolff.de\/wp-content\/uploads\/2020\/11\/Logo-Gesundheitszentrum-768x111.jpg 768w, http:\/\/therapie-wolff.de\/wp-content\/uploads\/2020\/11\/Logo-Gesundheitszentrum-1536x221.jpg 1536w, http:\/\/therapie-wolff.de\/wp-content\/uploads\/2020\/11\/Logo-Gesundheitszentrum.jpg 1605w\" sizes=\"auto, (max-width: 328px) 100vw, 328px\" \/><\/p>\n<p style=\"text-align: left;\">\n","protected":false},"excerpt":{"rendered":"<p>Ich stehe gerne f\u00fcr ein unverbindliches Erstgespr\u00e4ch zur Verf\u00fcgung. Termine werden stets nach Absprache vereinbart. Telefon: 0176-72729526 E-mail: info@therapie-wolff.de Praxisadresse: Hauptstra\u00dfe 24, 91257 Pegnitz<\/p>\n","protected":false},"author":1,"featured_media":0,"parent":0,"menu_order":0,"comment_status":"closed","ping_status":"closed","template":"","meta":{"footnotes":""},"class_list":["post-11","page","type-page","status-publish","hentry"],"_links":{"self":[{"href":"http:\/\/therapie-wolff.de\/index.php?rest_route=\/wp\/v2\/pages\/11","targetHints":{"allow":["GET"]}}],"collection":[{"href":"http:\/\/therapie-wolff.de\/index.php?rest_route=\/wp\/v2\/pages"}],"about":[{"href":"http:\/\/therapie-wolff.de\/index.php?rest_route=\/wp\/v2\/types\/page"}],"author":[{"embeddable":true,"href":"http:\/\/therapie-wolff.de\/index.php?rest_route=\/wp\/v2\/users\/1"}],"replies":[{"embeddable":true,"href":"http:\/\/therapie-wolff.de\/index.php?rest_route=%2Fwp%2Fv2%2Fcomments&post=11"}],"version-history":[{"count":8,"href":"http:\/\/therapie-wolff.de\/index.php?rest_route=\/wp\/v2\/pages\/11\/revisions"}],"predecessor-version":[{"id":121,"href":"http:\/\/therapie-wolff.de\/index.php?rest_route=\/wp\/v2\/pages\/11\/revisions\/121"}],"wp:attachment":[{"href":"http:\/\/therapie-wolff.de\/index.php?rest_route=%2Fwp%2Fv2%2Fmedia&parent=11"}],"curies":[{"name":"wp","href":"https:\/\/api.w.org\/{rel}","templated":true}]}}